{"id":86,"date":"2021-09-21T17:52:03","date_gmt":"2021-09-21T17:52:03","guid":{"rendered":"http:\/\/ninotopadze.com\/?page_id=86"},"modified":"2024-05-24T00:03:15","modified_gmt":"2024-05-24T00:03:15","slug":"biography","status":"publish","type":"page","link":"https:\/\/ninotopadze.com\/index.php\/biography\/","title":{"rendered":"Biography"},"content":{"rendered":"<h3><\/h3>\r\n<p><span style=\"font-size: 18pt;\"><strong><img loading=\"lazy\" decoding=\"async\" class=\"aligncenter wp-image-473 size-large\" src=\"http:\/\/ninotopadze.com\/wp-content\/uploads\/2023\/02\/IMG_8989-scaled-e1716508716338-650x1024.jpg\" alt=\"\" width=\"650\" height=\"1024\" srcset=\"https:\/\/ninotopadze.com\/wp-content\/uploads\/2023\/02\/IMG_8989-scaled-e1716508716338-650x1024.jpg 650w, https:\/\/ninotopadze.com\/wp-content\/uploads\/2023\/02\/IMG_8989-scaled-e1716508716338-190x300.jpg 190w, https:\/\/ninotopadze.com\/wp-content\/uploads\/2023\/02\/IMG_8989-scaled-e1716508716338-768x1211.jpg 768w, https:\/\/ninotopadze.com\/wp-content\/uploads\/2023\/02\/IMG_8989-scaled-e1716508716338-974x1536.jpg 974w, https:\/\/ninotopadze.com\/wp-content\/uploads\/2023\/02\/IMG_8989-scaled-e1716508716338-1299x2048.jpg 1299w, https:\/\/ninotopadze.com\/wp-content\/uploads\/2023\/02\/IMG_8989-scaled-e1716508716338.jpg 1369w\" sizes=\"auto, (max-width: 650px) 100vw, 650px\" \/><\/strong><\/span><\/p>\r\n<p><span style=\"font-size: 18pt;\"><strong>Lebenslauf<\/strong><\/span><\/p>\r\n<p><br \/><span style=\"font-size: 14pt;\">Nino Topadze wurde in Tbilisi (Tiflis), Georgien geboren. Nach dem Abschluss der choreographischen Berufsschule und des Studiums der Politikwissenschaften studierte sie Gesang am V. Sarajishvili Staatlichen Konservatorium Tbilissi bei Nodar Andghuladze, Tengiz Chachava und Dodo Diasamidze. Weiterbildende Studien f\u00fchrten sie nach Italien und in die Schweiz: an der Accademia Internazionale d\u2019Arte Lirica in Osimo, die sie 2018 abschloss, besuchte sie Meisterkurse mit renommierten K\u00fcnstlern wie Vincenzo de Vivo, Lella Cuberli, Raina Kabaivanska, William Matteuzzi, Gianni Tangucci, Ala Simoni.\u00a0 2020 erlangte sie ihren Master in Specialized Music Performance am Schweizer Opernstudio, Gesangsklasse Prof. Barbara Locher. Neben ihrer regen Konzertt\u00e4tigkeit als Solistin trat sie in zahlreichen Opernauff\u00fchrungen in Georgien, Italien und der Schweiz auf, u. a. als Mim\u00ec in La Boh\u00e8me von G. Puccini, Anna in Nabucco von G. Verdi, La Contessa in Mese Mariano von U. Giordano, Suor Angelica und Suora infermiera in Suor Angelica von G. Puccini und beteiligte sich an verschiedenen Produktionen des Schweizer Opernstudios, u. a. \u00abOpernskizzen: Rituale\u00bb, \u00abOpera meets Locomotives\u00bb, \u00abA Mad King Idomeneo\u00bb (als Elettra).\u00a0 Seit 2021 tritt sie als Solistin des Ensembles &#8220;Spiritocorda&#8221; schweizweit an verschiedenen Opernabenden auf.<\/span><\/p>\r\n<p><span style=\"font-size: 14pt;\">Auff\u00fchrungen und Konzerte (Auswahl)<\/span><br \/><span style=\"font-size: 14pt;\">2023<\/span><br \/><span style=\"font-size: 14pt;\">Matth\u00e4us Passion&#8221; von G.F.P. Telemann,(Magd)-unter der Leitung von Helmut Freitag, Schlosskirche Interlaken.<\/span><br \/><span style=\"font-size: 14pt;\">Recital geistlicher Musik &#8220;Laudate Dominum&#8221;, mit der Pianistin Katraina Knazovicka Katholische Kirche St. Michael, Wabern.<\/span><br \/><span style=\"font-size: 14pt;\">Kammermusik Recital: Edvard Griegs &#8220;6 Liebeslieder&#8221; Op. 48, mit der Pianistin Maria Rosolemos, Michaelskirche Meiringen.<\/span><br \/><span style=\"font-size: 14pt;\">2022<\/span><br \/><span style=\"font-size: 14pt;\">Maria im Oratorium &#8220;Die Kindheit Jesu&#8221; von J. Chr. F. Bach, unter der Leitung von Beat Ryser; Kirche Hilterfingen.<\/span><br \/><span style=\"font-size: 14pt;\">Deb\u00fct als Rosina in Rossinis &#8220;Il Barbiere di Siviglia&#8221;, Klosterhof Muri (AG).<\/span><br \/><span style=\"font-size: 14pt;\">Altjahrsrecital, Kirche Kandersteg, mit der Pianistin Eka Bokuchava.<\/span><br \/><span style=\"font-size: 14pt;\">2021<\/span><br \/><span style=\"font-size: 14pt;\">Recital &#8220;Amaryllis&#8221;, italienische Arien des 17. und 18. Jahrhunderts mit der Pianistin Tamar Beraia, Villa Bernau, Bern.<\/span><br \/><span style=\"font-size: 14pt;\">2020<\/span><br \/><span style=\"font-size: 14pt;\">Gertrude\/Mary in der Operette &#8220;Babes In Toyland&#8221; von Victor Herbert. Stadttheater Biel (aufgrund von Covid-19 abgesagt).<\/span><\/p>\r\n<p>&nbsp;<\/p>\r\n<h3><\/h3>","protected":false},"excerpt":{"rendered":"<p>Lebenslauf Nino Topadze wurde in Tbilisi (Tiflis), Georgien geboren. Nach dem Abschluss der choreographischen Berufsschule und des Studiums der Politikwissenschaften studierte sie Gesang am V. Sarajishvili Staatlichen Konservatorium Tbilissi bei [&hellip;]<\/p>\n","protected":false},"author":1,"featured_media":0,"parent":0,"menu_order":0,"comment_status":"closed","ping_status":"closed","template":"","meta":{"_monsterinsights_skip_tracking":false,"_monsterinsights_sitenote_active":false,"_monsterinsights_sitenote_note":"","_monsterinsights_sitenote_category":0,"footnotes":""},"class_list":["post-86","page","type-page","status-publish","hentry"],"yoast_head":"<!-- This site is optimized with the Yoast SEO plugin v17.2 - https:\/\/yoast.com\/wordpress\/plugins\/seo\/ -->\n<title>Biography - NinoTopadze.com<\/title>\n<meta name=\"robots\" content=\"index, follow, max-snippet:-1, max-image-preview:large, max-video-preview:-1\" \/>\n<link rel=\"canonical\" href=\"https:\/\/ninotopadze.com\/index.php\/biography\/\" \/>\n<meta property=\"og:locale\" content=\"en_US\" \/>\n<meta property=\"og:type\" content=\"article\" \/>\n<meta property=\"og:title\" content=\"Biography - NinoTopadze.com\" \/>\n<meta property=\"og:description\" content=\"Lebenslauf Nino Topadze wurde in Tbilisi (Tiflis), Georgien geboren. Nach dem Abschluss der choreographischen Berufsschule und des Studiums der Politikwissenschaften studierte sie Gesang am V. Sarajishvili Staatlichen Konservatorium Tbilissi bei [&hellip;]\" \/>\n<meta property=\"og:url\" content=\"https:\/\/ninotopadze.com\/index.php\/biography\/\" \/>\n<meta property=\"og:site_name\" content=\"NinoTopadze.com\" \/>\n<meta property=\"article:modified_time\" content=\"2024-05-24T00:03:15+00:00\" \/>\n<meta property=\"og:image\" content=\"http:\/\/ninotopadze.com\/wp-content\/uploads\/2023\/02\/IMG_8989-scaled-e1716508716338-650x1024.jpg\" \/>\n<meta name=\"twitter:card\" content=\"summary_large_image\" \/>\n<meta name=\"twitter:label1\" content=\"Est. reading time\" \/>\n\t<meta name=\"twitter:data1\" content=\"2 minutes\" \/>\n<script type=\"application\/ld+json\" class=\"yoast-schema-graph\">{\"@context\":\"https:\/\/schema.org\",\"@graph\":[{\"@type\":\"WebSite\",\"@id\":\"https:\/\/ninotopadze.com\/#website\",\"url\":\"https:\/\/ninotopadze.com\/\",\"name\":\"NinoTopadze.com\",\"description\":\"Nino Topadze\",\"potentialAction\":[{\"@type\":\"SearchAction\",\"target\":{\"@type\":\"EntryPoint\",\"urlTemplate\":\"https:\/\/ninotopadze.com\/?s={search_term_string}\"},\"query-input\":\"required name=search_term_string\"}],\"inLanguage\":\"en-US\"},{\"@type\":\"ImageObject\",\"@id\":\"https:\/\/ninotopadze.com\/index.php\/biography\/#primaryimage\",\"inLanguage\":\"en-US\",\"url\":\"http:\/\/ninotopadze.com\/wp-content\/uploads\/2023\/02\/IMG_8989-scaled-e1716508716338-650x1024.jpg\",\"contentUrl\":\"http:\/\/ninotopadze.com\/wp-content\/uploads\/2023\/02\/IMG_8989-scaled-e1716508716338-650x1024.jpg\"},{\"@type\":\"WebPage\",\"@id\":\"https:\/\/ninotopadze.com\/index.php\/biography\/#webpage\",\"url\":\"https:\/\/ninotopadze.com\/index.php\/biography\/\",\"name\":\"Biography - NinoTopadze.com\",\"isPartOf\":{\"@id\":\"https:\/\/ninotopadze.com\/#website\"},\"primaryImageOfPage\":{\"@id\":\"https:\/\/ninotopadze.com\/index.php\/biography\/#primaryimage\"},\"datePublished\":\"2021-09-21T17:52:03+00:00\",\"dateModified\":\"2024-05-24T00:03:15+00:00\",\"breadcrumb\":{\"@id\":\"https:\/\/ninotopadze.com\/index.php\/biography\/#breadcrumb\"},\"inLanguage\":\"en-US\",\"potentialAction\":[{\"@type\":\"ReadAction\",\"target\":[\"https:\/\/ninotopadze.com\/index.php\/biography\/\"]}]},{\"@type\":\"BreadcrumbList\",\"@id\":\"https:\/\/ninotopadze.com\/index.php\/biography\/#breadcrumb\",\"itemListElement\":[{\"@type\":\"ListItem\",\"position\":1,\"name\":\"Home\",\"item\":\"https:\/\/ninotopadze.com\/\"},{\"@type\":\"ListItem\",\"position\":2,\"name\":\"Biography\"}]}]}<\/script>\n<!-- \/ Yoast SEO plugin. -->","yoast_head_json":{"title":"Biography - NinoTopadze.com","robots":{"index":"index","follow":"follow","max-snippet":"max-snippet:-1","max-image-preview":"max-image-preview:large","max-video-preview":"max-video-preview:-1"},"canonical":"https:\/\/ninotopadze.com\/index.php\/biography\/","og_locale":"en_US","og_type":"article","og_title":"Biography - NinoTopadze.com","og_description":"Lebenslauf Nino Topadze wurde in Tbilisi (Tiflis), Georgien geboren. Nach dem Abschluss der choreographischen Berufsschule und des Studiums der Politikwissenschaften studierte sie Gesang am V. Sarajishvili Staatlichen Konservatorium Tbilissi bei [&hellip;]","og_url":"https:\/\/ninotopadze.com\/index.php\/biography\/","og_site_name":"NinoTopadze.com","article_modified_time":"2024-05-24T00:03:15+00:00","og_image":[{"url":"http:\/\/ninotopadze.com\/wp-content\/uploads\/2023\/02\/IMG_8989-scaled-e1716508716338-650x1024.jpg"}],"twitter_card":"summary_large_image","twitter_misc":{"Est. reading time":"2 minutes"},"schema":{"@context":"https:\/\/schema.org","@graph":[{"@type":"WebSite","@id":"https:\/\/ninotopadze.com\/#website","url":"https:\/\/ninotopadze.com\/","name":"NinoTopadze.com","description":"Nino Topadze","potentialAction":[{"@type":"SearchAction","target":{"@type":"EntryPoint","urlTemplate":"https:\/\/ninotopadze.com\/?s={search_term_string}"},"query-input":"required name=search_term_string"}],"inLanguage":"en-US"},{"@type":"ImageObject","@id":"https:\/\/ninotopadze.com\/index.php\/biography\/#primaryimage","inLanguage":"en-US","url":"http:\/\/ninotopadze.com\/wp-content\/uploads\/2023\/02\/IMG_8989-scaled-e1716508716338-650x1024.jpg","contentUrl":"http:\/\/ninotopadze.com\/wp-content\/uploads\/2023\/02\/IMG_8989-scaled-e1716508716338-650x1024.jpg"},{"@type":"WebPage","@id":"https:\/\/ninotopadze.com\/index.php\/biography\/#webpage","url":"https:\/\/ninotopadze.com\/index.php\/biography\/","name":"Biography - NinoTopadze.com","isPartOf":{"@id":"https:\/\/ninotopadze.com\/#website"},"primaryImageOfPage":{"@id":"https:\/\/ninotopadze.com\/index.php\/biography\/#primaryimage"},"datePublished":"2021-09-21T17:52:03+00:00","dateModified":"2024-05-24T00:03:15+00:00","breadcrumb":{"@id":"https:\/\/ninotopadze.com\/index.php\/biography\/#breadcrumb"},"inLanguage":"en-US","potentialAction":[{"@type":"ReadAction","target":["https:\/\/ninotopadze.com\/index.php\/biography\/"]}]},{"@type":"BreadcrumbList","@id":"https:\/\/ninotopadze.com\/index.php\/biography\/#breadcrumb","itemListElement":[{"@type":"ListItem","position":1,"name":"Home","item":"https:\/\/ninotopadze.com\/"},{"@type":"ListItem","position":2,"name":"Biography"}]}]}},"_links":{"self":[{"href":"https:\/\/ninotopadze.com\/index.php\/wp-json\/wp\/v2\/pages\/86","targetHints":{"allow":["GET"]}}],"collection":[{"href":"https:\/\/ninotopadze.com\/index.php\/wp-json\/wp\/v2\/pages"}],"about":[{"href":"https:\/\/ninotopadze.com\/index.php\/wp-json\/wp\/v2\/types\/page"}],"author":[{"embeddable":true,"href":"https:\/\/ninotopadze.com\/index.php\/wp-json\/wp\/v2\/users\/1"}],"replies":[{"embeddable":true,"href":"https:\/\/ninotopadze.com\/index.php\/wp-json\/wp\/v2\/comments?post=86"}],"version-history":[{"count":36,"href":"https:\/\/ninotopadze.com\/index.php\/wp-json\/wp\/v2\/pages\/86\/revisions"}],"predecessor-version":[{"id":547,"href":"https:\/\/ninotopadze.com\/index.php\/wp-json\/wp\/v2\/pages\/86\/revisions\/547"}],"wp:attachment":[{"href":"https:\/\/ninotopadze.com\/index.php\/wp-json\/wp\/v2\/media?parent=86"}],"curies":[{"name":"wp","href":"https:\/\/api.w.org\/{rel}","templated":true}]}}